{"id":821,"date":"2026-01-01T21:29:50","date_gmt":"2026-01-01T20:29:50","guid":{"rendered":"https:\/\/ew.stefanfried.at\/imprint\/"},"modified":"2026-02-13T22:00:08","modified_gmt":"2026-02-13T21:00:08","slug":"imprint","status":"publish","type":"page","link":"https:\/\/ew.stefanfried.at\/en\/imprint\/","title":{"rendered":"Imprint"},"content":{"rendered":"\n<section class=\"wp-block-group alignfull has-global-padding is-layout-constrained wp-block-group-is-layout-constrained\" style=\"margin-top:0;margin-bottom:0;padding-top:var(--wp--preset--spacing--50);padding-bottom:var(--wp--preset--spacing--50)\">\n<div class=\"wp-block-group alignwide is-vertical is-content-justification-stretch is-layout-flex wp-container-core-group-is-layout-92f16597 wp-block-group-is-layout-flex\">\n<div class=\"wp-block-group has-global-padding is-layout-constrained wp-container-core-group-is-layout-5a30f31b wp-block-group-is-layout-constrained\">\n<div class=\"wp-block-group alignwide is-vertical is-content-justification-left is-layout-flex wp-container-core-group-is-layout-6ab78e06 wp-block-group-is-layout-flex\" style=\"padding-top:var(--wp--preset--spacing--50);padding-bottom:var(--wp--preset--spacing--50)\">\n<h1 class=\"wp-block-heading has-text-align-left has-xx-large-font-size\" style=\"text-transform:uppercase\">Imprint<\/h1>\n\n\n\n<div class=\"wp-block-group is-content-justification-space-between is-nowrap is-layout-flex wp-container-core-group-is-layout-c280757d wp-block-group-is-layout-flex\">\n<hr style=\"width: 10rem; max-width: 100%;height: 0.25px;\" class=\"wp-block-separator has-text-color has-contrast-color has-alpha-channel-opacity has-contrast-background-color has-background is-style-wide is-style-wide--1\"\/>\n\n\n\n<p class=\"has-text-align-left is-style-default has-dm-sans-font-family has-x-large-font-size\" style=\"font-style:normal;font-weight:100\">Rechtlich Informationen<\/p>\n<\/div>\n<\/div>\n<\/div>\n<\/div>\n\n\n\n<div class=\"wp-block-group alignwide is-vertical is-content-justification-stretch is-layout-flex wp-container-core-group-is-layout-b270036c wp-block-group-is-layout-flex\" style=\"padding-top:var(--wp--preset--spacing--50);padding-bottom:var(--wp--preset--spacing--50)\">\n<p class=\"has-medium-font-size\"><em>Impressum und Informationen gem. Informationspflicht laut \u00a75 E-Commerce Gesetz, \u00a714 Unternehmensgesetzbuch, \u00a763 Gewerbeordnung und Offenlegungspflicht laut \u00a725 Mediengesetz.<\/em><\/p>\n\n\n\n<div class=\"wp-block-group is-vertical is-content-justification-stretch is-layout-flex wp-container-core-group-is-layout-d275371d wp-block-group-is-layout-flex\">\n<h2 class=\"wp-block-heading has-playfair-display-font-family has-x-large-font-size\" style=\"letter-spacing:0px\">Medieninhaber<\/h2>\n\n\n\n<p class=\"has-medium-font-size\" style=\"font-style:normal;font-weight:100\"><strong>EWAE e.U.<\/strong><br\/>Schusterstra\u00dfe 5<br\/>2482 M\u00fcnchendorf<br\/>\u00d6sterreich<\/p>\n\n\n\n<p class=\"has-medium-font-size\" style=\"font-style:normal;font-weight:100\">Telefon: <a href=\"tel:004369912146583\"><\/a><a href=\"tel:00436645995414\">+43 (0) 664 \/ 5995414<\/a><br\/>E-Mail: <a href=\"mailto:office@exclusive-weddings.at\" data-type=\"mailto\" data-id=\"mailto:office@exclusive-weddings.at\">office@exclusive-weddings.at<\/a><br\/>Web: <a href=\"https:\/\/www.exclusive-weddings.at\" data-type=\"link\" data-id=\"https:\/\/www.exclusive-weddings.at\" rel=\"noopener\">www.exclusive-weddings.at<\/a><\/p>\n\n\n\n<p class=\"has-medium-font-size\" style=\"font-style:normal;font-weight:100\"><strong>Inhaber:<\/strong> Mag. (FH) Sabrina Dirnbacher<br\/><strong>Sitz:<\/strong> M\u00fcnchendorf<br\/><strong>Registergericht:<\/strong> Handelsgericht M\u00f6dling<br\/><strong>UID:<\/strong> ATU75666824<br\/><strong>Firmenbuch:<\/strong> 543604v<br\/><strong>Anwendbare Vorschriften:<\/strong> \u00d6sterreichische Gewerbeordnung<\/p>\n<\/div>\n\n\n\n<div class=\"wp-block-group is-vertical is-content-justification-stretch is-layout-flex wp-container-core-group-is-layout-d275371d wp-block-group-is-layout-flex\">\n<h2 class=\"wp-block-heading has-playfair-display-font-family has-x-large-font-size\" style=\"letter-spacing:0px\">Technische Umsetzung<\/h2>\n\n\n\n<p class=\"has-medium-font-size\" style=\"font-style:normal;font-weight:100\"><strong>die neue dbm, Stefan Fried<\/strong><br\/>In der Kellergasse 76<br\/>2464 G\u00f6ttlesbrunn-Arbesthal<br\/>\u00d6sterreich<\/p>\n\n\n\n<p class=\"has-medium-font-size\" style=\"font-style:normal;font-weight:100\">Telefon: <a href=\"tel:00436766726870\">+43 (0) 676 \/ 67 26 870<\/a><br\/>E-Mail: <a href=\"mailto:servus@dieneuedbm.co\">servus@dieneuedbm.co<\/a><br\/>Web: <a href=\"https:\/\/www.dieneuedbm.co\/\" target=\"_blank\" rel=\"noreferrer noopener\">www.dieneuedbm.co<\/a><\/p>\n<\/div>\n<\/div>\n<\/section>\n","protected":false},"excerpt":{"rendered":"<p>Imprint Rechtlich Informationen Impressum und Informationen gem. Informationspflicht laut \u00a75 E-Commerce Gesetz, \u00a714 Unternehmensgesetzbuch, \u00a763 Gewerbeordnung und Offenlegungspflicht laut \u00a725 Mediengesetz. Medieninhaber EWAE e.U.Schusterstra\u00dfe 52482 M\u00fcnchendorf\u00d6sterreich Telefon: +43 (0) 664 \/ 5995414E-Mail: office@exclusive-weddings.atWeb: www.exclusive-weddings.at Inhaber: Mag. (FH) Sabrina DirnbacherSitz: M\u00fcnchendorfRegistergericht: Handelsgericht M\u00f6dlingUID: ATU75666824Firmenbuch: 543604vAnwendbare Vorschriften: \u00d6sterreichische Gewerbeordnung Technische Umsetzung die neue dbm, Stefan FriedIn der [&hellip;]<\/p>\n","protected":false},"author":1,"featured_media":0,"parent":0,"menu_order":17,"comment_status":"closed","ping_status":"closed","template":"","meta":{"pgc_sgb_lightbox_settings":"","footnotes":""},"class_list":["post-821","page","type-page","status-publish","hentry"],"_links":{"self":[{"href":"https:\/\/ew.stefanfried.at\/en\/wp-json\/wp\/v2\/pages\/821","targetHints":{"allow":["GET"]}}],"collection":[{"href":"https:\/\/ew.stefanfried.at\/en\/wp-json\/wp\/v2\/pages"}],"about":[{"href":"https:\/\/ew.stefanfried.at\/en\/wp-json\/wp\/v2\/types\/page"}],"author":[{"embeddable":true,"href":"https:\/\/ew.stefanfried.at\/en\/wp-json\/wp\/v2\/users\/1"}],"replies":[{"embeddable":true,"href":"https:\/\/ew.stefanfried.at\/en\/wp-json\/wp\/v2\/comments?post=821"}],"version-history":[{"count":3,"href":"https:\/\/ew.stefanfried.at\/en\/wp-json\/wp\/v2\/pages\/821\/revisions"}],"predecessor-version":[{"id":1226,"href":"https:\/\/ew.stefanfried.at\/en\/wp-json\/wp\/v2\/pages\/821\/revisions\/1226"}],"wp:attachment":[{"href":"https:\/\/ew.stefanfried.at\/en\/wp-json\/wp\/v2\/media?parent=821"}],"curies":[{"name":"wp","href":"https:\/\/api.w.org\/{rel}","templated":true}]}}